{"id":946,"date":"2016-11-22T09:07:44","date_gmt":"2016-11-22T14:07:44","guid":{"rendered":"http:\/\/turismoaccesible.ec\/site\/?page_id=946"},"modified":"2017-12-07T16:11:00","modified_gmt":"2017-12-07T21:11:00","slug":"preguntas-frecuentes","status":"publish","type":"page","link":"https:\/\/turismoaccesible.ec\/site\/preguntas-frecuentes\/","title":{"rendered":"Preguntas frecuentes"},"content":{"rendered":"<h3><strong>Documentos<\/strong><\/h3>\n<p>No se necesita visado para visitar a Ecuador, por un lapso de tiempo m\u00e1ximo de 90 d\u00edas dentro de un a\u00f1o.<\/p>\n<p><strong>Dinero<\/strong><\/p>\n<p><strong>Moneda:<\/strong> D\u00f3lar americano.<br \/>\nRed de cajeros en todas las ciudades.<br \/>\nMuchos locales aceptan las siguietnes tarjetas:<\/p>\n<ul>\n<li>Visa<\/li>\n<li>Master Card<\/li>\n<li>American Express<\/li>\n<li>Diners Club.<\/li>\n<\/ul>\n<p><strong>Aeropuertos internacionales<\/strong><\/p>\n<p>Se pueden encontrar aeropuertos de nivel internacional en las ciudades de<\/p>\n<ul>\n<li>Quito<\/li>\n<li>Guayaquil<\/li>\n<\/ul>\n<p><strong>Enchufes \/ Voltajes<\/strong><\/p>\n<p>110v y 60Hz<br \/>\nTomacorrientes son monof\u00e1sicos de dos hilos.<br \/>\nPuede conseguir adaptadores en cualquier ferreter\u00eda.<\/p>\n<h3><strong>Advertencias m\u00e9dicas<br \/>\n<\/strong><\/h3>\n<p>Llevar medicinas personales que se tomen regularmente, un botiqu\u00edn b\u00e1sico de primeros auxilios y art\u00edculos de higiene personal.<\/p>\n<h3><strong>Vestimenta<\/strong><\/h3>\n<p><em><strong>Andes<\/strong><\/em><\/p>\n<ul>\n<li>Abrigada.<\/li>\n<li>Sombreros para el sol.<\/li>\n<\/ul>\n<p><em><strong>Costa del Pac\u00edfico<\/strong><\/em><\/p>\n<ul>\n<li>Ropa de tejidos frescos.<\/li>\n<li>Traje de ba\u00f1o.<\/li>\n<li>Impermeables para meses de lluvia.<\/li>\n<li>Repelente insectos.<\/li>\n<\/ul>\n<p><em><strong>Amazon\u00eda<\/strong><\/em><\/p>\n<ul>\n<li>Ropa fresca y mangas largas.<\/li>\n<li>Ropa de lluvia.<\/li>\n<li>Repelente insectos.<\/li>\n<\/ul>\n<p><em><strong>Gal\u00e1pagos<\/strong><\/em><\/p>\n<ul>\n<li>Zapatos c\u00f3modos.<\/li>\n<li>Traje de ba\u00f1o.<\/li>\n<\/ul>\n<h3><strong>Transporte<\/strong><\/h3>\n<p><strong>TAXI\u00a0<\/strong><\/p>\n<ul>\n<li>Solo utiliza los que tengan el sello de Taxi Seguro.<\/li>\n<li>Pide a tu hotel que te consiga un taxi.<\/li>\n<li>Pregunta por app fiable para conseguir taxi v\u00eda m\u00f3vil.<\/li>\n<\/ul>\n<p><strong>Bus<\/strong><\/p>\n<p>Ideal para viajes entre provincias.<br \/>\nUrbano: USD 0.25 el pasaje.<\/p>\n<p><strong>Bicicleta<\/strong><\/p>\n<p>Servicio gratuito de bicicletas en Quito.<\/p>\n<p><strong>Alquiler de Autos<\/strong><\/p>\n<p>Operadores en aeropuertos y ciudades principales:<\/p>\n<ul>\n<li>Avis &#8211; Budget rent a car<\/li>\n<li>Localiza &#8211; Simon Car Rental<\/li>\n<li>Hertz<\/li>\n<\/ul>\n<p><strong>Transporte aereo<br \/>\n<\/strong><\/p>\n<p><em>Puede encontrar aeropuertos nacionales en las siguientes ciudades:<\/em><\/p>\n<p><em><strong>Andes\u00a0<\/strong><\/em><\/p>\n<ul>\n<li>Quito<\/li>\n<li>Cuenca<\/li>\n<li>Latacunga<\/li>\n<li>Loja<\/li>\n<\/ul>\n<p><em><strong>Costa<\/strong><\/em><\/p>\n<ul>\n<li>Manta<\/li>\n<li>Guayaquil<\/li>\n<\/ul>\n<p><em><strong>Amazon\u00eda<\/strong><\/em><\/p>\n<ul>\n<li>Tena<\/li>\n<li>Coca<\/li>\n<\/ul>\n<p><strong><em>Gal\u00e1pagos<\/em> <\/strong><\/p>\n<ul>\n<li>Baltra<\/li>\n<\/ul>\n<p>&nbsp;<\/p>\n<p>&nbsp;<\/p>\n","protected":false},"excerpt":{"rendered":"<p>Documentos No se necesita visado para visitar a Ecuador, por un lapso de tiempo m\u00e1ximo de 90 d\u00edas dentro de un a\u00f1o. Dinero Moneda: D\u00f3lar americano. Red de cajeros en todas las ciudades. Muchos locales aceptan las siguietnes tarjetas: Visa Master Card American Express Diners Club. Aeropuertos internacionales Se pueden encontrar aeropuertos de nivel internacional en las ciudades de Quito&hellip; <a class=\"continue\" href=\"https:\/\/turismoaccesible.ec\/site\/preguntas-frecuentes\/\">Ver m\u00e1s<span> Preguntas frecuentes<\/span><\/a><\/p>\n","protected":false},"author":1,"featured_media":829,"parent":0,"menu_order":0,"comment_status":"closed","ping_status":"closed","template":"templates\/page-sidebar-right.php","meta":{"footnotes":""},"class_list":["post-946","page","type-page","status-publish","has-post-thumbnail","hentry"],"_links":{"self":[{"href":"https:\/\/turismoaccesible.ec\/site\/wp-json\/wp\/v2\/pages\/946","targetHints":{"allow":["GET"]}}],"collection":[{"href":"https:\/\/turismoaccesible.ec\/site\/wp-json\/wp\/v2\/pages"}],"about":[{"href":"https:\/\/turismoaccesible.ec\/site\/wp-json\/wp\/v2\/types\/page"}],"author":[{"embeddable":true,"href":"https:\/\/turismoaccesible.ec\/site\/wp-json\/wp\/v2\/users\/1"}],"replies":[{"embeddable":true,"href":"https:\/\/turismoaccesible.ec\/site\/wp-json\/wp\/v2\/comments?post=946"}],"version-history":[{"count":8,"href":"https:\/\/turismoaccesible.ec\/site\/wp-json\/wp\/v2\/pages\/946\/revisions"}],"predecessor-version":[{"id":3027,"href":"https:\/\/turismoaccesible.ec\/site\/wp-json\/wp\/v2\/pages\/946\/revisions\/3027"}],"wp:featuredmedia":[{"embeddable":true,"href":"https:\/\/turismoaccesible.ec\/site\/wp-json\/wp\/v2\/media\/829"}],"wp:attachment":[{"href":"https:\/\/turismoaccesible.ec\/site\/wp-json\/wp\/v2\/media?parent=946"}],"curies":[{"name":"wp","href":"https:\/\/api.w.org\/{rel}","templated":true}]}}