{"id":944,"date":"2016-11-22T08:57:29","date_gmt":"2016-11-22T13:57:29","guid":{"rendered":"http:\/\/turismoaccesible.ec\/site\/?page_id=944"},"modified":"2022-01-25T11:13:27","modified_gmt":"2022-01-25T16:13:27","slug":"nosotros","status":"publish","type":"page","link":"https:\/\/turismoaccesible.ec\/site\/nosotros\/","title":{"rendered":"Nosotros"},"content":{"rendered":"<p>Al finalizar el a\u00f1o 2014, FENEDIF gan\u00f3 un concurso convocado por la Agencia Espa\u00f1ola de Cooperaci\u00f3n Internacional para el Desarrollo (AECID), para financiar la ejecuci\u00f3n de un proyecto que conjuga el impulso a la integraci\u00f3n laboral y \u00a0el fomento del turismo accesible para personas con discapacidad y sus familias,\u00a0 mismo que dio inicio en junio del 2015. Su cobertura es regional y se encuentra localizada en las provincias de Esmeraldas, Manab\u00ed, Imbabura y Orellana.<\/p>\r\n<p>Adem\u00e1s del financiamiento otorgado por AECID, contamos con el auspicio y aval del Consejo Nacional para la Igualdad de Discapacidades (CONADIS) y del Ministerio de Turismo (MINTUR) y de las 59 asociaciones filiales de FENEDIF.<\/p>\r\n<p>El Proyecto se denomin\u00f3 \u201cInclusi\u00f3n socio- laboral de mujeres y j\u00f3venes con discapacidad en el sector de turismo accesible en Ecuador- 2014-PRYC-1094\u201d, con la ejecuci\u00f3n del proyecto se desarroll\u00f3 algunas actividades que contribuyen en el avance del turismo accesible en Ecuador.<\/p>\r\n<p>Dentro de las actividades alcanzadas est\u00e1n:<\/p>\r\n<p>Elaboraci\u00f3n de un an\u00e1lisis situacional de las cuatro provincias, en el que se destaca sus potencialidades tur\u00edsticas y las condiciones de empleabilidad de la poblaci\u00f3n con discapacidad que habita en el sector, con la finalidad de conocer la vocaci\u00f3n productiva y el inter\u00e9s de sus pobladores para la generaci\u00f3n de emprendimientos asociativos y fuentes de auto empleo que mejoren los ingresos familiares e impulsen el desarrollo del turismo accesible a nivel local.<\/p>\r\n<p>Como ejemplo de creatividad e innovaci\u00f3n, FENEDIF dise\u00f1\u00f3 y elabor\u00f3 dos implementos de gran utilidad y motivaci\u00f3n para impulsar la industria tur\u00edstica. Se trata, primero, de una alfombra de playa, elaborada con neum\u00e1ticos reciclados, por la cual pueden movilizarse f\u00e1cilmente personas en sillas de ruedas; es un elemento de bajo costo, sencilla elaboraci\u00f3n, larga duraci\u00f3n y f\u00e1cil mantenimiento. En orden cronol\u00f3gico, el segundo implemento producido es una silla de ruedas anfibia para que el turista con discapacidad f\u00edsica pueda disfrutar del mar o la piscina con confort y seguridad, en compa\u00f1\u00eda de sus familiares o amigos, la cual esta disponible a la venta para el p\u00fablico en general.<\/p>\r\n<p>Como parte del fortalecimiento de conocimientos sobre turismo accesible se panifico, desarrollo y ejecuto\u00a0la II Conferencia de Turismo Accesible para Am\u00e9rica Latina y el Caribe,\u00a0 en la ciudad de Manta,\u00a0los d\u00edas 08, 09 y 10 de diciembre del 2016,\u00a0evento de inter\u00e9s nacional\u00a0que\u00a0cont\u00f3 con la participaci\u00f3n de 218 asistentes entre invitados, personas con discapacidad, operadores tur\u00edsticos y personas\u00a0involucrados en esta tem\u00e1tica.\u00a0<\/p>\r\n<p>Se cont\u00f3 con la participaci\u00f3n\u00a0de representantes\u00a0de\u00a0Argentina, Panam\u00e1, Rep. Dominicana, M\u00e9xico, Espa\u00f1a, Bolivia, Hait\u00ed y Ecuador.\u00a0<\/p>\r\n<p>Se gener\u00f3 una\u00a0Gu\u00eda Virtual\u00a0de Turismo Accesible en Ecuador, instrumento informativo en el cual se encuentra informaci\u00f3n de 240 establecimientos tur\u00edsticos accesibles de alojamiento, alimentos y bebidas identificados a nivel nacional, adem\u00e1s informaci\u00f3n de\u00a0\u00a0 circuito,\u00a0rutas tur\u00edsticas y playas accesibles\u00a0 que presten facilidades de acceso para turistas con discapacidad sus familias y para adultos mayores nacionales y extranjeros.\u00a0<\/p>\r\n<p>Un complemento indispensable es la sensibilizaci\u00f3n y capacitaci\u00f3n a los servidores tur\u00edsticos, para quienes est\u00e1 disponible el sitio Web\u00a0<a href=\"http:\/\/www.fenedifvirtual.org\/\">www.fenedifvirtual.org<\/a>; para la capacitaci\u00f3n, en el Curso Virtual de \u201cAtenci\u00f3n al Turista con Discapacidad\u201d,\u00a0 cuyo objetivo es generar destrezas para una atenci\u00f3n preferente, cordial y de calidad entre servidores tur\u00edsticos y turistas con discapacidad, logrando una integraci\u00f3n plena, equitativa, tolerante y solidaria. Al finalizar el proceso de capacitaci\u00f3n virtual, se entrega un certificado que cuenta con el Aval del Ministerio de Trabajo, CONADIS y Ministerio de Turismo.<\/p>\r\n<p>Una forma de apoyar al desarrollo econ\u00f3mico de las personas con discapacidad fue incentivar a la creaci\u00f3n \u00a0de emprendimientos asociativos inmersos al \u00e1mbito tur\u00edstico, logrando crear 6 emprendimientos:<\/p>\r\n<ul>\r\n<li><strong>Centro Agrotur\u00edstico y Cyber Net Asociaci\u00f3n \u201cEsperanza Luz y Vida\u201d San Miguel de Urcuqu\u00ed-Imbabura<\/strong>.\u00a0RITAU es un proyecto con enfoque educativo y tur\u00edstico, generando vivencialmente una experiencia t\u00e9cnica como pr\u00e1ctica a trav\u00e9s de peque\u00f1as visitas guiadas donde el turista podr\u00e1 sembrar con sus manos y manipular los productos agr\u00edcolas.\u00a0<\/li>\r\n<\/ul>\r\n<p style=\"padding-left: 40px;\"><iframe loading=\"lazy\" title=\"YouTube video player\" src=\"https:\/\/www.youtube.com\/embed\/KXsye4k5kUs\" width=\"560\" height=\"315\" frameborder=\"0\" allowfullscreen=\"allowfullscreen\"><\/iframe><\/p>\r\n<ul>\r\n<li><strong>Centro Innovador Tur\u00edstico Artesanal San Antonio\u00a0\u201cCITASA\u201d<\/strong>brinda la oportunidad\u00a0al turista\u00a0de\u00a0realizar su propia artesan\u00eda a trav\u00e9s de una experiencia vivencial, adem\u00e1s de poder adquirir alg\u00fan producto elaborado por las personas con discapacidad\u00a0<\/li>\r\n<\/ul>\r\n<p style=\"padding-left: 40px;\"><iframe loading=\"lazy\" title=\"YouTube video player\" src=\"https:\/\/www.youtube.com\/embed\/2azfxV0_rjQ\" width=\"560\" height=\"315\" frameborder=\"0\" allowfullscreen=\"allowfullscreen\"><\/iframe><\/p>\r\n<ul>\r\n<li><strong>Taller de producci\u00f3n textil Asociaci\u00f3n de personas con discapacidad de Portoviejo<\/strong>.\u00a0Presenta la creaci\u00f3n de un taller de costura a trav\u00e9s de la confecci\u00f3n de prendas como sobre camas, camisetas, almohadas, ropa deportiva que los turistas locales y nacionales podr\u00e1n adquirir.\u00a0<\/li>\r\n<\/ul>\r\n<p style=\"padding-left: 40px;\"><iframe loading=\"lazy\" title=\"YouTube video player\" src=\"https:\/\/www.youtube.com\/embed\/33gq-8fw8kg\" width=\"560\" height=\"315\" frameborder=\"0\" allowfullscreen=\"allowfullscreen\"><\/iframe><\/p>\r\n<ul>\r\n<li><strong>Hilando la inclusi\u00f3n Asociaci\u00f3n Manta-Montecristi<\/strong>.\u00a0ADMM desarrolla a trav\u00e9s de su organizaci\u00f3n, el centro textil \u201cHilando la inclusi\u00f3n\u201d para la confecci\u00f3n y comercializaci\u00f3n de productos personalizados (camisetas, gorras, jarros, etc.) de acuerdo a la elecci\u00f3n del cliente.\u00a0<\/li>\r\n<\/ul>\r\n<p>&nbsp;<\/p>\r\n<ul>\r\n<li><strong>Dulces tradicionales Asociaci\u00f3n de personas con discapacidad de Rocafuerte<\/strong>.\u00a0ADISROCA Promueve la elaboraci\u00f3n de dulces tradicionales como alfajores, cocadas, dulce de lim\u00f3n, rompope, suspiros entre otros, que son representativos de la cultura gastron\u00f3mica manabita.\u00a0\u00a0<\/li>\r\n<\/ul>\r\n<p style=\"padding-left: 40px;\"><iframe loading=\"lazy\" title=\"YouTube video player\" src=\"https:\/\/www.youtube.com\/embed\/e3NlX5yB-gE\" width=\"560\" height=\"315\" frameborder=\"0\" allowfullscreen=\"allowfullscreen\"><\/iframe><\/p>\r\n<ul>\r\n<li><strong>Bater\u00edas sanitarias, duchas. Asociaci\u00f3n 31 de\u00a0marzo\u00a0de Atacames<\/strong>.\u00a0Este emprendimiento consta de bater\u00edas sanitarias, duchas, alfombras de playa y una silla anfibia. La construcci\u00f3n de esta iniciativa facilitar\u00e1 la movilidad y disfrute del usuario con alg\u00fan tipo de discapacidad.\u00a0Adem\u00e1s,\u00a0este lugar, ofrece a los turistas locales, nacionales e internacionales, con o sin discapacidad, una playa segura y bien equipada en la que podr\u00e1n disfrutar en igualdad de condiciones.<\/li>\r\n<\/ul>\r\n<p>Se\u00a0 trabaj\u00f3 en la realizaci\u00f3n de\u00a0 adaptaciones de accesibilidad\u00a0en algunos centro tur\u00edsticos p\u00fablicos:<\/p>\r\n<ul>\r\n<li><strong>Plaza C\u00edvica de Manta<\/strong><\/li>\r\n<\/ul>\r\n<p>Se construy\u00f3 la primera rampa accesible, en la plaza C\u00edvica de la ciudad de Manta y cual cumple con los par\u00e1metros de dise\u00f1o universal. En esta plaza se realizan habitualmente actos c\u00edvicos, espect\u00e1culos art\u00edsticos culturales y ferias artesanales entre otras actividades comunitarias que permiten una participaci\u00f3n activa de la ciudadan\u00eda.\u00a0\u00a0<\/p>\r\n<ul>\r\n<li><strong>Bater\u00edas sanitarias, duchas e integraci\u00f3n de la Alfombra de Playa- Atacames<\/strong><\/li>\r\n<\/ul>\r\n<p>\u00a0En la provincia verde en la playa de Atacames \u00a0se construy\u00f3 las Bater\u00edas sanitarias\u00a0 y duchas accesibles\u00a0 las cuales est\u00e1n complementadas con una silla anfibia y la alfombra de playa.\u00a0<\/p>\r\n<ul>\r\n<li><strong>Implementaci\u00f3n de gr\u00faas en\u00a0SANTAGUA Termas\u00a0de Chachimbiro<\/strong><\/li>\r\n<\/ul>\r\n<p>Instalaci\u00f3n de 2 ascensores mec\u00e1nicos para potenciar la accesibilidad de personas con discapacidad a las piscinas del complejo tur\u00edstico SANTAGUA de Chachimbiro EP.\u00a0<\/p>\r\n<p>El Complejo Chachimbiro EP ha adecuado varias de sus \u00e1reas para mejorar la accesibilidad e independencia de las personas con discapacidad durante su estad\u00eda en el establecimiento.\u00a0<\/p>\r\n<p>Como cierre del proyecto se elabor\u00f3\u00a0\u00a0un Plan de Acci\u00f3n para establecer una l\u00ednea base que viabilice la sostenibilidad de las acciones implementadas en coordinaci\u00f3n con el MINTUR y CONADIS.\u00a0<\/p>\r\n<p>Una vez terminada la primera fase\u00a0\u00a0del proyecto anteriormente mencionado, en el a\u00f1o 2019 se inicio \u00a0la\u00a0ejecuci\u00f3n del proyecto \u201cTurismo Accesible y Sostenible en Ecuador\u201d\u00a02018- PRYC 1503 que tiene como\u00a0objetivo, contribuir\u00a0al ejercicio del derecho al trabajo y al ocio para las personas con discapacidad.\u00a0\u00a0<\/p>\r\n<p>Donde se\u00a0impulsar\u00e1 el derecho al trabajo de 45 personas con discapacidad involucradas en\u00a0los\u00a06 emprendimientos tur\u00edsticos asociativos\u00a0intervenidos en la primera fase del proyecto, en esta nueva fase se pretende\u00a0dar\u00a0fortalecimiento\u00a0a\u00a0sus cadenas de valor y un\u00a0acompa\u00f1amiento especializado, en total concordancia con los resultados de desarrollo nacionales expresados en el Plan Nacional de Desarrollo 2017-2021\u00a0\u201c\u00a0Toda una vida\u201d y espec\u00edficamente con una de sus Metas: \u201cAumentar el n\u00famero de personas con discapacidad [\u2026] insertados en el sistema laboral a 2021\u201d\u00a0<\/p>\r\n<p>El ejercicio del derecho al ocio y particularmente al turismo para las personas con discapacidad, ser\u00e1 potenciado mediante una promoci\u00f3n multidimensional del turismo accesible y sostenible en Ecuador. Se capacitar\u00e1n a empresarios\/as tur\u00edsticos\/as y funcionarios\/as p\u00fablicos\/as, se lanzar\u00e1 una campa\u00f1a publicitaria, se crear\u00e1 un sello \u201cEcuador accesible\u201d y se llevar\u00e1 a cabo la primera edici\u00f3n de un programa de vacaciones para personas con discapacidad.\u00a0<\/p>\r\n<p>Por otra parte, se pretende incrementar la oferta tur\u00edstica accesible e impulsar la imagen de Ecuador como pa\u00eds de turismo accesible, mediante la realizaci\u00f3n de campa\u00f1as publicitarias, la creaci\u00f3n de un sello\/marca \u201cEcuador accesible\u201d con el que se pueda premiar a los establecimientos tur\u00edsticos que cumplan una serie de requisitos de accesibilidad; la puesta en marcha de un programa piloto de vacaciones para personas con discapacidad; el fortalecimiento de capacidades de funcionarios\/as p\u00fablicos\/as y empresarios\/as tur\u00edsticos\/as en el tema del turismo accesible; la creaci\u00f3n de un posgrado universitario en turismo accesible\u00a0y la instalaci\u00f3n de mesas provinciales interinstitucionales para el fortalecimiento del turismo accesible y sostenible.\u00a0<\/p>\r\n<p>&nbsp;<\/p>\r\n\r\n<p>&nbsp;<\/p>\r\n","protected":false},"excerpt":{"rendered":"<p>Al finalizar el a\u00f1o 2014, FENEDIF gan\u00f3 un concurso convocado por la Agencia Espa\u00f1ola de Cooperaci\u00f3n Internacional para el Desarrollo (AECID), para financiar la ejecuci\u00f3n de un proyecto que conjuga el impulso a la integraci\u00f3n laboral y \u00a0el fomento del turismo accesible para personas con discapacidad y sus familias,\u00a0 mismo que dio inicio en junio del 2015. Su cobertura es&hellip; <a class=\"continue\" href=\"https:\/\/turismoaccesible.ec\/site\/nosotros\/\">Ver m\u00e1s<span> Nosotros<\/span><\/a><\/p>\n","protected":false},"author":1,"featured_media":829,"parent":0,"menu_order":0,"comment_status":"closed","ping_status":"closed","template":"templates\/page-sidebar-right.php","meta":{"footnotes":""},"class_list":["post-944","page","type-page","status-publish","has-post-thumbnail","hentry"],"_links":{"self":[{"href":"https:\/\/turismoaccesible.ec\/site\/wp-json\/wp\/v2\/pages\/944","targetHints":{"allow":["GET"]}}],"collection":[{"href":"https:\/\/turismoaccesible.ec\/site\/wp-json\/wp\/v2\/pages"}],"about":[{"href":"https:\/\/turismoaccesible.ec\/site\/wp-json\/wp\/v2\/types\/page"}],"author":[{"embeddable":true,"href":"https:\/\/turismoaccesible.ec\/site\/wp-json\/wp\/v2\/users\/1"}],"replies":[{"embeddable":true,"href":"https:\/\/turismoaccesible.ec\/site\/wp-json\/wp\/v2\/comments?post=944"}],"version-history":[{"count":25,"href":"https:\/\/turismoaccesible.ec\/site\/wp-json\/wp\/v2\/pages\/944\/revisions"}],"predecessor-version":[{"id":6586,"href":"https:\/\/turismoaccesible.ec\/site\/wp-json\/wp\/v2\/pages\/944\/revisions\/6586"}],"wp:featuredmedia":[{"embeddable":true,"href":"https:\/\/turismoaccesible.ec\/site\/wp-json\/wp\/v2\/media\/829"}],"wp:attachment":[{"href":"https:\/\/turismoaccesible.ec\/site\/wp-json\/wp\/v2\/media?parent=944"}],"curies":[{"name":"wp","href":"https:\/\/api.w.org\/{rel}","templated":true}]}}